{"id":1703,"date":"2022-07-13T18:47:49","date_gmt":"2022-07-13T18:47:49","guid":{"rendered":"https:\/\/www.linuxcol.org\/inicio\/?page_id=1703"},"modified":"2023-01-27T14:09:14","modified_gmt":"2023-01-27T14:09:14","slug":"orfeo-ng-software-de-gestion-documental","status":"publish","type":"page","link":"https:\/\/www.linuxcol.org\/inicio\/orfeo-ng-software-de-gestion-documental\/","title":{"rendered":"Orfeo NG &#8211; Software de Gesti\u00f3n Documental"},"content":{"rendered":"\t\t<div data-elementor-type=\"wp-page\" data-elementor-id=\"1703\" class=\"elementor elementor-1703\">\n\t\t\t\t\t\t\t\t\t<section class=\"elementor-section elementor-top-section elementor-element elementor-element-6724e25 elementor-section-boxed elementor-section-height-default elementor-section-height-default\" data-id=\"6724e25\" data-element_type=\"section\">\n\t\t\t\t\t\t<div class=\"elementor-container elementor-column-gap-default\">\n\t\t\t\t\t<div class=\"elementor-column elementor-col-100 elementor-top-column elementor-element elementor-element-7a6d82f\" data-id=\"7a6d82f\" data-element_type=\"column\">\n\t\t\t<div class=\"elementor-widget-wrap elementor-element-populated\">\n\t\t\t\t\t\t\t\t<div class=\"elementor-element elementor-element-fb455dc elementor-widget elementor-widget-image\" data-id=\"fb455dc\" data-element_type=\"widget\" data-widget_type=\"image.default\">\n\t\t\t\t<div class=\"elementor-widget-container\">\n\t\t\t<style>\/*! elementor - v3.16.0 - 13-09-2023 *\/\n.elementor-widget-image{text-align:center}.elementor-widget-image a{display:inline-block}.elementor-widget-image a img[src$=\".svg\"]{width:48px}.elementor-widget-image img{vertical-align:middle;display:inline-block}<\/style>\t\t\t\t\t\t\t\t\t\t\t\t<img loading=\"lazy\" decoding=\"async\" width=\"333\" height=\"140\" src=\"https:\/\/www.linuxcol.org\/inicio\/wp-content\/uploads\/2022\/07\/orfeo_ng_skinatech.png\" class=\"attachment-large size-large wp-image-1709\" alt=\"Orfeo NG Skinatech\" srcset=\"https:\/\/www.linuxcol.org\/inicio\/wp-content\/uploads\/2022\/07\/orfeo_ng_skinatech.png 333w, https:\/\/www.linuxcol.org\/inicio\/wp-content\/uploads\/2022\/07\/orfeo_ng_skinatech-300x126.png 300w, https:\/\/www.linuxcol.org\/inicio\/wp-content\/uploads\/2022\/07\/orfeo_ng_skinatech-230x97.png 230w\" sizes=\"(max-width: 333px) 100vw, 333px\" \/>\t\t\t\t\t\t\t\t\t\t\t\t\t\t\t<\/div>\n\t\t\t\t<\/div>\n\t\t\t\t\t<\/div>\n\t\t<\/div>\n\t\t\t\t\t\t\t<\/div>\n\t\t<\/section>\n\t\t\t\t<section class=\"elementor-section elementor-top-section elementor-element elementor-element-51f1b28 elementor-section-boxed elementor-section-height-default elementor-section-height-default\" data-id=\"51f1b28\" data-element_type=\"section\">\n\t\t\t\t\t\t<div class=\"elementor-container elementor-column-gap-default\">\n\t\t\t\t\t<div class=\"elementor-column elementor-col-100 elementor-top-column elementor-element elementor-element-d7a90bf\" data-id=\"d7a90bf\" data-element_type=\"column\">\n\t\t\t<div class=\"elementor-widget-wrap elementor-element-populated\">\n\t\t\t\t\t\t\t\t<div class=\"elementor-element elementor-element-0ad6a91 elementor-widget elementor-widget-text-editor\" data-id=\"0ad6a91\" data-element_type=\"widget\" data-widget_type=\"text-editor.default\">\n\t\t\t\t<div class=\"elementor-widget-container\">\n\t\t\t<style>\/*! elementor - v3.16.0 - 13-09-2023 *\/\n.elementor-widget-text-editor.elementor-drop-cap-view-stacked .elementor-drop-cap{background-color:#69727d;color:#fff}.elementor-widget-text-editor.elementor-drop-cap-view-framed .elementor-drop-cap{color:#69727d;border:3px solid;background-color:transparent}.elementor-widget-text-editor:not(.elementor-drop-cap-view-default) .elementor-drop-cap{margin-top:8px}.elementor-widget-text-editor:not(.elementor-drop-cap-view-default) .elementor-drop-cap-letter{width:1em;height:1em}.elementor-widget-text-editor .elementor-drop-cap{float:left;text-align:center;line-height:1;font-size:50px}.elementor-widget-text-editor .elementor-drop-cap-letter{display:inline-block}<\/style>\t\t\t\t<p style=\"text-align: justify;\">Orfeo NG es un software de Gesti\u00f3n Documental escrito de cero por <a href=\"https:\/\/www.skinatech.com\/inicio\/\" target=\"_blank\" rel=\"noopener\">Skina Technologies S.A.S<\/a>, con tecnolog\u00edas de punta, que cumple con todos los requerimientos de normatividad fundamentales para el medio Colombiano y Latinoamericano.\u00a0<\/p><p style=\"text-align: justify;\">Ha sido creado especialmente para empresas de tama\u00f1o mediano y grande que cuentan con un nivel de madurez avanzado en sus procesos documentales y se est\u00e1n encaminando en el manejo de los documentos electr\u00f3nicos de archivo.<\/p><p style=\"text-align: justify;\">Orfeo NG ofrece seguridad de la informaci\u00f3n e interoperabilidad y\u00a0 conserva toda la funcionalidad del Orfeo tradicional, siendo una aplicaci\u00f3n totalmente responsiva y portable, que se puede desplegar en cualquier dispositivo.\u00a0<\/p><p style=\"text-align: justify;\">Si quiere conocer m\u00e1s detalles del sistema puede ingresar a nuestra p\u00e1gina oficial en <a href=\"https:\/\/www.skinatech.com\/inicio\/orfeo-ng\/\">Skinatech<\/a> o escribirnos a socialmedia@skinatech.com<\/p>\t\t\t\t\t\t<\/div>\n\t\t\t\t<\/div>\n\t\t\t\t\t<\/div>\n\t\t<\/div>\n\t\t\t\t\t\t\t<\/div>\n\t\t<\/section>\n\t\t\t\t<section class=\"elementor-section elementor-top-section elementor-element elementor-element-8c19b86 elementor-section-boxed elementor-section-height-default elementor-section-height-default\" data-id=\"8c19b86\" data-element_type=\"section\">\n\t\t\t\t\t\t<div class=\"elementor-container elementor-column-gap-default\">\n\t\t\t\t\t<div class=\"elementor-column elementor-col-100 elementor-top-column elementor-element elementor-element-816a76c\" data-id=\"816a76c\" data-element_type=\"column\">\n\t\t\t<div class=\"elementor-widget-wrap elementor-element-populated\">\n\t\t\t\t\t\t\t\t<div class=\"elementor-element elementor-element-835b1d1 elementor-widget elementor-widget-image\" data-id=\"835b1d1\" data-element_type=\"widget\" data-widget_type=\"image.default\">\n\t\t\t\t<div class=\"elementor-widget-container\">\n\t\t\t\t\t\t\t\t\t\t\t\t\t\t\t\t<a href=\"https:\/\/www.skinatech.com\/inicio\/orfeo-ng\/\">\n\t\t\t\t\t\t\t<img loading=\"lazy\" decoding=\"async\" width=\"540\" height=\"314\" src=\"https:\/\/www.linuxcol.org\/inicio\/wp-content\/uploads\/2022\/07\/orfeong_inicio_de_sesion.png\" class=\"attachment-large size-large wp-image-1710\" alt=\"Orfeo NG SkinaTech - inicio de sesi\u00f3n\" srcset=\"https:\/\/www.linuxcol.org\/inicio\/wp-content\/uploads\/2022\/07\/orfeong_inicio_de_sesion.png 540w, https:\/\/www.linuxcol.org\/inicio\/wp-content\/uploads\/2022\/07\/orfeong_inicio_de_sesion-300x174.png 300w, https:\/\/www.linuxcol.org\/inicio\/wp-content\/uploads\/2022\/07\/orfeong_inicio_de_sesion-230x134.png 230w, https:\/\/www.linuxcol.org\/inicio\/wp-content\/uploads\/2022\/07\/orfeong_inicio_de_sesion-350x204.png 350w, https:\/\/www.linuxcol.org\/inicio\/wp-content\/uploads\/2022\/07\/orfeong_inicio_de_sesion-480x279.png 480w\" sizes=\"(max-width: 540px) 100vw, 540px\" \/>\t\t\t\t\t\t\t\t<\/a>\n\t\t\t\t\t\t\t\t\t\t\t\t\t\t\t<\/div>\n\t\t\t\t<\/div>\n\t\t\t\t\t<\/div>\n\t\t<\/div>\n\t\t\t\t\t\t\t<\/div>\n\t\t<\/section>\n\t\t\t\t<section class=\"elementor-section elementor-top-section elementor-element elementor-element-1891be9 elementor-section-boxed elementor-section-height-default elementor-section-height-default\" data-id=\"1891be9\" data-element_type=\"section\">\n\t\t\t\t\t\t<div class=\"elementor-container elementor-column-gap-default\">\n\t\t\t\t\t<div class=\"elementor-column elementor-col-100 elementor-top-column elementor-element elementor-element-418bd6a\" data-id=\"418bd6a\" data-element_type=\"column\">\n\t\t\t<div class=\"elementor-widget-wrap elementor-element-populated\">\n\t\t\t\t\t\t\t\t<div class=\"elementor-element elementor-element-8572fcb elementor-widget elementor-widget-image\" data-id=\"8572fcb\" data-element_type=\"widget\" data-widget_type=\"image.default\">\n\t\t\t\t<div class=\"elementor-widget-container\">\n\t\t\t\t\t\t\t\t\t\t\t\t\t\t\t\t<a href=\"https:\/\/orfeong-test.skinatech.com\/orfeo-ng\/\" target=\"_blank\">\n\t\t\t\t\t\t\t<img loading=\"lazy\" decoding=\"async\" width=\"400\" height=\"106\" src=\"https:\/\/www.linuxcol.org\/inicio\/wp-content\/uploads\/2022\/07\/boton_demo.jpg\" class=\"attachment-large size-large wp-image-1721\" alt=\"demo_orfeo\" srcset=\"https:\/\/www.linuxcol.org\/inicio\/wp-content\/uploads\/2022\/07\/boton_demo.jpg 400w, https:\/\/www.linuxcol.org\/inicio\/wp-content\/uploads\/2022\/07\/boton_demo-300x80.jpg 300w, https:\/\/www.linuxcol.org\/inicio\/wp-content\/uploads\/2022\/07\/boton_demo-230x61.jpg 230w, https:\/\/www.linuxcol.org\/inicio\/wp-content\/uploads\/2022\/07\/boton_demo-350x93.jpg 350w\" sizes=\"(max-width: 400px) 100vw, 400px\" \/>\t\t\t\t\t\t\t\t<\/a>\n\t\t\t\t\t\t\t\t\t\t\t\t\t\t\t<\/div>\n\t\t\t\t<\/div>\n\t\t\t\t<div class=\"elementor-element elementor-element-b86d2a8 elementor-widget elementor-widget-text-editor\" data-id=\"b86d2a8\" data-element_type=\"widget\" data-widget_type=\"text-editor.default\">\n\t\t\t\t<div class=\"elementor-widget-container\">\n\t\t\t\t\t\t\t<p><strong>Usuario<\/strong>: soporte@skinatech.com \/ <strong>Contrese\u00f1a<\/strong>: NuevaG21%<\/p>\n<h2 class=\"elementor-heading-title elementor-size-large\">&nbsp;<\/h2>\t\t\t\t\t\t<\/div>\n\t\t\t\t<\/div>\n\t\t\t\t\t<\/div>\n\t\t<\/div>\n\t\t\t\t\t\t\t<\/div>\n\t\t<\/section>\n\t\t\t\t\t\t\t<\/div>\n\t\t","protected":false},"excerpt":{"rendered":"<p>Orfeo NG es un software de Gesti\u00f3n Documental escrito de cero por Skina Technologies S.A.S, con tecnolog\u00edas de punta, que cumple con todos los requerimientos de normatividad fundamentales para el medio Colombiano y Latinoamericano.\u00a0 Ha [&hellip;]<\/p>\n","protected":false},"author":4,"featured_media":0,"parent":0,"menu_order":0,"comment_status":"closed","ping_status":"closed","template":"","meta":{"footnotes":""},"yoast_head":"<!-- This site is optimized with the Yoast SEO plugin v21.1 - https:\/\/yoast.com\/wordpress\/plugins\/seo\/ -->\n<title>Orfeo NG - Software de Gesti\u00f3n Documental - LinuxCOL<\/title>\n<meta name=\"description\" content=\"Orfeo NG es un software de gesti\u00f3n documental reescrito tecnol\u00f3gicamente por Skina Technologies S.A.S que cumple con la normatividad y con las mejores pr\u00e1cticas de desarrollo de software, es un aplicativo moderno, web y portable.\" \/>\n<meta name=\"robots\" content=\"index, follow, max-snippet:-1, max-image-preview:large, max-video-preview:-1\" \/>\n<link rel=\"canonical\" href=\"https:\/\/www.linuxcol.org\/inicio\/orfeo-ng-software-de-gestion-documental\/\" \/>\n<meta property=\"og:locale\" content=\"es_ES\" \/>\n<meta property=\"og:type\" content=\"article\" \/>\n<meta property=\"og:title\" content=\"Orfeo NG - Software de Gesti\u00f3n Documental - LinuxCOL\" \/>\n<meta property=\"og:description\" content=\"Orfeo NG es un software de gesti\u00f3n documental reescrito tecnol\u00f3gicamente por Skina Technologies S.A.S que cumple con la normatividad y con las mejores pr\u00e1cticas de desarrollo de software, es un aplicativo moderno, web y portable.\" \/>\n<meta property=\"og:url\" content=\"https:\/\/www.linuxcol.org\/inicio\/orfeo-ng-software-de-gestion-documental\/\" \/>\n<meta property=\"og:site_name\" content=\"LinuxCOL\" \/>\n<meta property=\"article:modified_time\" content=\"2023-01-27T14:09:14+00:00\" \/>\n<meta property=\"og:image\" content=\"https:\/\/www.linuxcol.org\/inicio\/wp-content\/uploads\/2022\/07\/orfeo_ng_skinatech.png\" \/>\n<meta name=\"twitter:card\" content=\"summary_large_image\" \/>\n<meta name=\"twitter:label1\" content=\"Tiempo de lectura\" \/>\n\t<meta name=\"twitter:data1\" content=\"2 minutos\" \/>\n<script type=\"application\/ld+json\" class=\"yoast-schema-graph\">{\"@context\":\"https:\/\/schema.org\",\"@graph\":[{\"@type\":\"WebPage\",\"@id\":\"https:\/\/www.linuxcol.org\/inicio\/orfeo-ng-software-de-gestion-documental\/\",\"url\":\"https:\/\/www.linuxcol.org\/inicio\/orfeo-ng-software-de-gestion-documental\/\",\"name\":\"Orfeo NG - Software de Gesti\u00f3n Documental - LinuxCOL\",\"isPartOf\":{\"@id\":\"https:\/\/www.linuxcol.org\/inicio\/#website\"},\"datePublished\":\"2022-07-13T18:47:49+00:00\",\"dateModified\":\"2023-01-27T14:09:14+00:00\",\"description\":\"Orfeo NG es un software de gesti\u00f3n documental reescrito tecnol\u00f3gicamente por Skina Technologies S.A.S que cumple con la normatividad y con las mejores pr\u00e1cticas de desarrollo de software, es un aplicativo moderno, web y portable.\",\"breadcrumb\":{\"@id\":\"https:\/\/www.linuxcol.org\/inicio\/orfeo-ng-software-de-gestion-documental\/#breadcrumb\"},\"inLanguage\":\"es\",\"potentialAction\":[{\"@type\":\"ReadAction\",\"target\":[\"https:\/\/www.linuxcol.org\/inicio\/orfeo-ng-software-de-gestion-documental\/\"]}]},{\"@type\":\"BreadcrumbList\",\"@id\":\"https:\/\/www.linuxcol.org\/inicio\/orfeo-ng-software-de-gestion-documental\/#breadcrumb\",\"itemListElement\":[{\"@type\":\"ListItem\",\"position\":1,\"name\":\"Portada\",\"item\":\"https:\/\/www.linuxcol.org\/inicio\/\"},{\"@type\":\"ListItem\",\"position\":2,\"name\":\"Orfeo NG &#8211; Software de Gesti\u00f3n Documental\"}]},{\"@type\":\"WebSite\",\"@id\":\"https:\/\/www.linuxcol.org\/inicio\/#website\",\"url\":\"https:\/\/www.linuxcol.org\/inicio\/\",\"name\":\"LinuxCOL\",\"description\":\"Grupo de Usuarios de GNU\/Linux en Colombia\",\"potentialAction\":[{\"@type\":\"SearchAction\",\"target\":{\"@type\":\"EntryPoint\",\"urlTemplate\":\"https:\/\/www.linuxcol.org\/inicio\/?s={search_term_string}\"},\"query-input\":\"required name=search_term_string\"}],\"inLanguage\":\"es\"}]}<\/script>\n<!-- \/ Yoast SEO plugin. -->","yoast_head_json":{"title":"Orfeo NG - Software de Gesti\u00f3n Documental - LinuxCOL","description":"Orfeo NG es un software de gesti\u00f3n documental reescrito tecnol\u00f3gicamente por Skina Technologies S.A.S que cumple con la normatividad y con las mejores pr\u00e1cticas de desarrollo de software, es un aplicativo moderno, web y portable.","robots":{"index":"index","follow":"follow","max-snippet":"max-snippet:-1","max-image-preview":"max-image-preview:large","max-video-preview":"max-video-preview:-1"},"canonical":"https:\/\/www.linuxcol.org\/inicio\/orfeo-ng-software-de-gestion-documental\/","og_locale":"es_ES","og_type":"article","og_title":"Orfeo NG - Software de Gesti\u00f3n Documental - LinuxCOL","og_description":"Orfeo NG es un software de gesti\u00f3n documental reescrito tecnol\u00f3gicamente por Skina Technologies S.A.S que cumple con la normatividad y con las mejores pr\u00e1cticas de desarrollo de software, es un aplicativo moderno, web y portable.","og_url":"https:\/\/www.linuxcol.org\/inicio\/orfeo-ng-software-de-gestion-documental\/","og_site_name":"LinuxCOL","article_modified_time":"2023-01-27T14:09:14+00:00","og_image":[{"url":"https:\/\/www.linuxcol.org\/inicio\/wp-content\/uploads\/2022\/07\/orfeo_ng_skinatech.png"}],"twitter_card":"summary_large_image","twitter_misc":{"Tiempo de lectura":"2 minutos"},"schema":{"@context":"https:\/\/schema.org","@graph":[{"@type":"WebPage","@id":"https:\/\/www.linuxcol.org\/inicio\/orfeo-ng-software-de-gestion-documental\/","url":"https:\/\/www.linuxcol.org\/inicio\/orfeo-ng-software-de-gestion-documental\/","name":"Orfeo NG - Software de Gesti\u00f3n Documental - LinuxCOL","isPartOf":{"@id":"https:\/\/www.linuxcol.org\/inicio\/#website"},"datePublished":"2022-07-13T18:47:49+00:00","dateModified":"2023-01-27T14:09:14+00:00","description":"Orfeo NG es un software de gesti\u00f3n documental reescrito tecnol\u00f3gicamente por Skina Technologies S.A.S que cumple con la normatividad y con las mejores pr\u00e1cticas de desarrollo de software, es un aplicativo moderno, web y portable.","breadcrumb":{"@id":"https:\/\/www.linuxcol.org\/inicio\/orfeo-ng-software-de-gestion-documental\/#breadcrumb"},"inLanguage":"es","potentialAction":[{"@type":"ReadAction","target":["https:\/\/www.linuxcol.org\/inicio\/orfeo-ng-software-de-gestion-documental\/"]}]},{"@type":"BreadcrumbList","@id":"https:\/\/www.linuxcol.org\/inicio\/orfeo-ng-software-de-gestion-documental\/#breadcrumb","itemListElement":[{"@type":"ListItem","position":1,"name":"Portada","item":"https:\/\/www.linuxcol.org\/inicio\/"},{"@type":"ListItem","position":2,"name":"Orfeo NG &#8211; Software de Gesti\u00f3n Documental"}]},{"@type":"WebSite","@id":"https:\/\/www.linuxcol.org\/inicio\/#website","url":"https:\/\/www.linuxcol.org\/inicio\/","name":"LinuxCOL","description":"Grupo de Usuarios de GNU\/Linux en Colombia","potentialAction":[{"@type":"SearchAction","target":{"@type":"EntryPoint","urlTemplate":"https:\/\/www.linuxcol.org\/inicio\/?s={search_term_string}"},"query-input":"required name=search_term_string"}],"inLanguage":"es"}]}},"_links":{"self":[{"href":"https:\/\/www.linuxcol.org\/inicio\/wp-json\/wp\/v2\/pages\/1703"}],"collection":[{"href":"https:\/\/www.linuxcol.org\/inicio\/wp-json\/wp\/v2\/pages"}],"about":[{"href":"https:\/\/www.linuxcol.org\/inicio\/wp-json\/wp\/v2\/types\/page"}],"author":[{"embeddable":true,"href":"https:\/\/www.linuxcol.org\/inicio\/wp-json\/wp\/v2\/users\/4"}],"replies":[{"embeddable":true,"href":"https:\/\/www.linuxcol.org\/inicio\/wp-json\/wp\/v2\/comments?post=1703"}],"version-history":[{"count":21,"href":"https:\/\/www.linuxcol.org\/inicio\/wp-json\/wp\/v2\/pages\/1703\/revisions"}],"predecessor-version":[{"id":2636,"href":"https:\/\/www.linuxcol.org\/inicio\/wp-json\/wp\/v2\/pages\/1703\/revisions\/2636"}],"wp:attachment":[{"href":"https:\/\/www.linuxcol.org\/inicio\/wp-json\/wp\/v2\/media?parent=1703"}],"curies":[{"name":"wp","href":"https:\/\/api.w.org\/{rel}","templated":true}]}}