{"id":533,"date":"2019-11-08T17:51:36","date_gmt":"2019-11-08T17:51:36","guid":{"rendered":"https:\/\/www.linuxcol.org\/inicio\/?page_id=533"},"modified":"2023-01-25T15:52:56","modified_gmt":"2023-01-25T15:52:56","slug":"acerca-de-orfeolibre","status":"publish","type":"page","link":"https:\/\/www.linuxcol.org\/inicio\/acerca-de-orfeolibre\/","title":{"rendered":"Acerca de OrfeoLibre"},"content":{"rendered":"<p style=\"text-align: justify;\"><strong>Orfeo Libre<\/strong> nace originalmente como un portal para el soporte y acompa\u00f1amiento de la comunidad de usuarios del Software de Gesti\u00f3n Documental (SGD) Orfeo, originado dentro de la <a href=\"http:\/\/www.superservicios.gov.co\/\">Superintendencia de Servicios P\u00fablicos Domiciliarios<\/a> de Colombia (SSP) y liberado bajo licencia <a href=\"https:\/\/www.linuxcol.org\/inicio\/licencia-gnu-gpl-licencia-publica-general-v-3-0\/\">GPL<\/a>.<\/p>\n<p style=\"text-align: justify;\">En este momento es la comunidad mas grande del pa\u00eds dedicada a programas de gesti\u00f3n documental incluyendo al tradicional <a href=\"https:\/\/www.linuxcol.org\/inicio\/orfeo-software-de-gestion-documental\/\">Orfeo GPL<\/a>\u00a0 y a la nueva generaci\u00f3n de <a href=\"https:\/\/www.linuxcol.org\/inicio\/orfeo-ng-software-de-gestion-documental\/\">Orfeo NG<\/a> lanzado por\u00a0 <a href=\"https:\/\/www.skinatech.com\">SkinaTech<\/a> en el a\u00f1o 2023.<\/p>\n<p style=\"text-align: justify;\">Los principales objetivos de este portal son:<\/p>\n<ul>\n<li style=\"text-align: justify;\">Difusi\u00f3n y divulgaci\u00f3n de las herramientas de gesti\u00f3n documental y sus programas asociados.<\/li>\n<li style=\"text-align: justify;\">Mantener una versi\u00f3n estable y libre del software Orfeo.<\/li>\n<li style=\"text-align: justify;\">Brindar soporte gratuito a usuarios del software.<\/li>\n<\/ul>\n","protected":false},"excerpt":{"rendered":"<p>Orfeo Libre nace originalmente como un portal para el soporte y acompa\u00f1amiento de la comunidad de usuarios del Software de Gesti\u00f3n Documental (SGD) Orfeo, originado dentro de la Superintendencia de Servicios P\u00fablicos Domiciliarios de Colombia [&hellip;]<\/p>\n","protected":false},"author":4,"featured_media":0,"parent":0,"menu_order":0,"comment_status":"closed","ping_status":"closed","template":"","meta":{"footnotes":""},"yoast_head":"<!-- This site is optimized with the Yoast SEO plugin v21.1 - https:\/\/yoast.com\/wordpress\/plugins\/seo\/ -->\n<title>Acerca de OrfeoLibre - LinuxCOL Conoce todo acerca de Orfeolibre<\/title>\n<meta name=\"description\" content=\"OrfeoLibre es un portal para el soporte y acompa\u00f1amiento de la comunidad de usuarios del Software de Gesti\u00f3n Documental (SGD) Orfeo\" \/>\n<meta name=\"robots\" content=\"index, follow, max-snippet:-1, max-image-preview:large, max-video-preview:-1\" \/>\n<link rel=\"canonical\" href=\"https:\/\/www.linuxcol.org\/inicio\/acerca-de-orfeolibre\/\" \/>\n<meta property=\"og:locale\" content=\"es_ES\" \/>\n<meta property=\"og:type\" content=\"article\" \/>\n<meta property=\"og:title\" content=\"Acerca de OrfeoLibre - LinuxCOL Conoce todo acerca de Orfeolibre\" \/>\n<meta property=\"og:description\" content=\"OrfeoLibre es un portal para el soporte y acompa\u00f1amiento de la comunidad de usuarios del Software de Gesti\u00f3n Documental (SGD) Orfeo\" \/>\n<meta property=\"og:url\" content=\"https:\/\/www.linuxcol.org\/inicio\/acerca-de-orfeolibre\/\" \/>\n<meta property=\"og:site_name\" content=\"LinuxCOL\" \/>\n<meta property=\"article:modified_time\" content=\"2023-01-25T15:52:56+00:00\" \/>\n<meta name=\"twitter:card\" content=\"summary_large_image\" \/>\n<meta name=\"twitter:label1\" content=\"Tiempo de lectura\" \/>\n\t<meta name=\"twitter:data1\" content=\"1 minuto\" \/>\n<script type=\"application\/ld+json\" class=\"yoast-schema-graph\">{\"@context\":\"https:\/\/schema.org\",\"@graph\":[{\"@type\":\"WebPage\",\"@id\":\"https:\/\/www.linuxcol.org\/inicio\/acerca-de-orfeolibre\/\",\"url\":\"https:\/\/www.linuxcol.org\/inicio\/acerca-de-orfeolibre\/\",\"name\":\"Acerca de OrfeoLibre - LinuxCOL Conoce todo acerca de Orfeolibre\",\"isPartOf\":{\"@id\":\"https:\/\/www.linuxcol.org\/inicio\/#website\"},\"datePublished\":\"2019-11-08T17:51:36+00:00\",\"dateModified\":\"2023-01-25T15:52:56+00:00\",\"description\":\"OrfeoLibre es un portal para el soporte y acompa\u00f1amiento de la comunidad de usuarios del Software de Gesti\u00f3n Documental (SGD) Orfeo\",\"breadcrumb\":{\"@id\":\"https:\/\/www.linuxcol.org\/inicio\/acerca-de-orfeolibre\/#breadcrumb\"},\"inLanguage\":\"es\",\"potentialAction\":[{\"@type\":\"ReadAction\",\"target\":[\"https:\/\/www.linuxcol.org\/inicio\/acerca-de-orfeolibre\/\"]}]},{\"@type\":\"BreadcrumbList\",\"@id\":\"https:\/\/www.linuxcol.org\/inicio\/acerca-de-orfeolibre\/#breadcrumb\",\"itemListElement\":[{\"@type\":\"ListItem\",\"position\":1,\"name\":\"Portada\",\"item\":\"https:\/\/www.linuxcol.org\/inicio\/\"},{\"@type\":\"ListItem\",\"position\":2,\"name\":\"Acerca de OrfeoLibre\"}]},{\"@type\":\"WebSite\",\"@id\":\"https:\/\/www.linuxcol.org\/inicio\/#website\",\"url\":\"https:\/\/www.linuxcol.org\/inicio\/\",\"name\":\"LinuxCOL\",\"description\":\"Grupo de Usuarios de GNU\/Linux en Colombia\",\"potentialAction\":[{\"@type\":\"SearchAction\",\"target\":{\"@type\":\"EntryPoint\",\"urlTemplate\":\"https:\/\/www.linuxcol.org\/inicio\/?s={search_term_string}\"},\"query-input\":\"required name=search_term_string\"}],\"inLanguage\":\"es\"}]}<\/script>\n<!-- \/ Yoast SEO plugin. -->","yoast_head_json":{"title":"Acerca de OrfeoLibre - LinuxCOL Conoce todo acerca de Orfeolibre","description":"OrfeoLibre es un portal para el soporte y acompa\u00f1amiento de la comunidad de usuarios del Software de Gesti\u00f3n Documental (SGD) Orfeo","robots":{"index":"index","follow":"follow","max-snippet":"max-snippet:-1","max-image-preview":"max-image-preview:large","max-video-preview":"max-video-preview:-1"},"canonical":"https:\/\/www.linuxcol.org\/inicio\/acerca-de-orfeolibre\/","og_locale":"es_ES","og_type":"article","og_title":"Acerca de OrfeoLibre - LinuxCOL Conoce todo acerca de Orfeolibre","og_description":"OrfeoLibre es un portal para el soporte y acompa\u00f1amiento de la comunidad de usuarios del Software de Gesti\u00f3n Documental (SGD) Orfeo","og_url":"https:\/\/www.linuxcol.org\/inicio\/acerca-de-orfeolibre\/","og_site_name":"LinuxCOL","article_modified_time":"2023-01-25T15:52:56+00:00","twitter_card":"summary_large_image","twitter_misc":{"Tiempo de lectura":"1 minuto"},"schema":{"@context":"https:\/\/schema.org","@graph":[{"@type":"WebPage","@id":"https:\/\/www.linuxcol.org\/inicio\/acerca-de-orfeolibre\/","url":"https:\/\/www.linuxcol.org\/inicio\/acerca-de-orfeolibre\/","name":"Acerca de OrfeoLibre - LinuxCOL Conoce todo acerca de Orfeolibre","isPartOf":{"@id":"https:\/\/www.linuxcol.org\/inicio\/#website"},"datePublished":"2019-11-08T17:51:36+00:00","dateModified":"2023-01-25T15:52:56+00:00","description":"OrfeoLibre es un portal para el soporte y acompa\u00f1amiento de la comunidad de usuarios del Software de Gesti\u00f3n Documental (SGD) Orfeo","breadcrumb":{"@id":"https:\/\/www.linuxcol.org\/inicio\/acerca-de-orfeolibre\/#breadcrumb"},"inLanguage":"es","potentialAction":[{"@type":"ReadAction","target":["https:\/\/www.linuxcol.org\/inicio\/acerca-de-orfeolibre\/"]}]},{"@type":"BreadcrumbList","@id":"https:\/\/www.linuxcol.org\/inicio\/acerca-de-orfeolibre\/#breadcrumb","itemListElement":[{"@type":"ListItem","position":1,"name":"Portada","item":"https:\/\/www.linuxcol.org\/inicio\/"},{"@type":"ListItem","position":2,"name":"Acerca de OrfeoLibre"}]},{"@type":"WebSite","@id":"https:\/\/www.linuxcol.org\/inicio\/#website","url":"https:\/\/www.linuxcol.org\/inicio\/","name":"LinuxCOL","description":"Grupo de Usuarios de GNU\/Linux en Colombia","potentialAction":[{"@type":"SearchAction","target":{"@type":"EntryPoint","urlTemplate":"https:\/\/www.linuxcol.org\/inicio\/?s={search_term_string}"},"query-input":"required name=search_term_string"}],"inLanguage":"es"}]}},"_links":{"self":[{"href":"https:\/\/www.linuxcol.org\/inicio\/wp-json\/wp\/v2\/pages\/533"}],"collection":[{"href":"https:\/\/www.linuxcol.org\/inicio\/wp-json\/wp\/v2\/pages"}],"about":[{"href":"https:\/\/www.linuxcol.org\/inicio\/wp-json\/wp\/v2\/types\/page"}],"author":[{"embeddable":true,"href":"https:\/\/www.linuxcol.org\/inicio\/wp-json\/wp\/v2\/users\/4"}],"replies":[{"embeddable":true,"href":"https:\/\/www.linuxcol.org\/inicio\/wp-json\/wp\/v2\/comments?post=533"}],"version-history":[{"count":19,"href":"https:\/\/www.linuxcol.org\/inicio\/wp-json\/wp\/v2\/pages\/533\/revisions"}],"predecessor-version":[{"id":2576,"href":"https:\/\/www.linuxcol.org\/inicio\/wp-json\/wp\/v2\/pages\/533\/revisions\/2576"}],"wp:attachment":[{"href":"https:\/\/www.linuxcol.org\/inicio\/wp-json\/wp\/v2\/media?parent=533"}],"curies":[{"name":"wp","href":"https:\/\/api.w.org\/{rel}","templated":true}]}}