{"id":638,"date":"2019-11-15T12:56:58","date_gmt":"2019-11-15T12:56:58","guid":{"rendered":"https:\/\/www.linuxcol.org\/inicio\/?page_id=638"},"modified":"2022-08-18T22:17:30","modified_gmt":"2022-08-18T22:17:30","slug":"iniciar-sesion","status":"publish","type":"page","link":"https:\/\/www.linuxcol.org\/inicio\/iniciar-sesion\/","title":{"rendered":"INICIAR SESI\u00d3N"},"content":{"rendered":"\t\t<div data-elementor-type=\"wp-page\" data-elementor-id=\"638\" class=\"elementor elementor-638\">\n\t\t\t\t\t\t\t\t\t<section class=\"elementor-section elementor-top-section elementor-element elementor-element-04696d8 elementor-section-boxed elementor-section-height-default elementor-section-height-default\" data-id=\"04696d8\" data-element_type=\"section\">\n\t\t\t\t\t\t<div class=\"elementor-container elementor-column-gap-default\">\n\t\t\t\t\t<div class=\"elementor-column elementor-col-50 elementor-top-column elementor-element elementor-element-d9057b9\" data-id=\"d9057b9\" data-element_type=\"column\">\n\t\t\t<div class=\"elementor-widget-wrap elementor-element-populated\">\n\t\t\t\t\t\t\t\t<div class=\"elementor-element elementor-element-9556471 elementor-widget elementor-widget-shortcode\" data-id=\"9556471\" data-element_type=\"widget\" data-widget_type=\"shortcode.default\">\n\t\t\t\t<div class=\"elementor-widget-container\">\n\t\t\t\t\t<div class=\"elementor-shortcode\"><div class=\"swpm-login-widget-form\">\r\n    <form id=\"swpm-login-form\" name=\"swpm-login-form\" method=\"post\" action=\"\">\r\n        <div class=\"swpm-login-form-inner\">\r\n            <div class=\"swpm-username-label\">\r\n                <label for=\"swpm_user_name\" class=\"swpm-label\">Nombre de usuario o correo electr\u00f3nico<\/label>\r\n            <\/div>\r\n            <div class=\"swpm-username-input\">\r\n                <input type=\"text\" class=\"swpm-text-field swpm-username-field\" id=\"swpm_user_name\" value=\"\" size=\"25\" name=\"swpm_user_name\" \/>\r\n            <\/div>\r\n            <div class=\"swpm-password-label\">\r\n                <label for=\"swpm_password\" class=\"swpm-label\">Contrase\u00f1a<\/label>\r\n            <\/div>\r\n            <div class=\"swpm-password-input\">                \r\n                <input type=\"password\" class=\"swpm-text-field swpm-password-field\" id=\"swpm_password\" value=\"\" size=\"25\" name=\"swpm_password\" \/>                \r\n            <\/div>\r\n                        <div class=\"swpm-remember-me\">\r\n                <span class=\"swpm-remember-checkbox\"><input type=\"checkbox\" name=\"rememberme\" id=\"swpm-rememberme\"><\/span>\r\n                <label for=\"swpm-rememberme\" class=\"swpm-rememberme-label\">\r\n                    <span class=\"swpm-rember-label\"> Recu\u00e9rdame<\/span>\r\n                <\/label>\r\n            <\/div>\r\n\r\n            <div class=\"swpm-before-login-submit-section\"><div class=\"swpm-recaptcha-section\" style=\"margin-bottom: 15px;\"><style type=\"text\/css\">@media screen and (max-width: 375px) {\n            .swpm_g_captcha{transform:scale(0.77);transform-origin:0;-webkit-transform:scale(0.77);-webkit-transform-origin:0 0;}\n        }<\/style><script src=\"https:\/\/www.google.com\/recaptcha\/api.js\" async defer><\/script><div class=\"swpm_g_captcha\"><div class=\"g-recaptcha\" data-sitekey=\"6LfAa0EkAAAAAN8UbmpRsDeJXlH39h-OFkp1sVfD\" data-theme=\"light\" data-size=\"normal\"><\/div><\/div><\/div><\/div>\r\n\r\n            <div class=\"swpm-login-submit\">\r\n                <input type=\"submit\" class=\"swpm-login-form-submit\" name=\"swpm-login\" value=\"Acceder\"\/>\r\n            <\/div>\r\n            <div class=\"swpm-forgot-pass-link\">\r\n                <a id=\"forgot_pass\" class=\"swpm-login-form-pw-reset-link\"  href=\"https:\/\/www.linuxcol.org\/inicio\/membership-login\/password-reset\/\">\u00bfHas olvidado tu contrase\u00f1a?<\/a>\r\n            <\/div>\r\n            <div class=\"swpm-join-us-link\">\r\n                <a id=\"register\" class=\"swpm-login-form-register-link\" href=\"https:\/\/www.linuxcol.org\/inicio\/membership-join\/\">\u00danete a nosotros<\/a>\r\n            <\/div>\r\n            <div class=\"swpm-login-action-msg\">\r\n                <span class=\"swpm-login-widget-action-msg\"><\/span>\r\n            <\/div>\r\n        <\/div>\r\n    <\/form>\r\n<\/div>\r\n<\/div>\n\t\t\t\t<\/div>\n\t\t\t\t<\/div>\n\t\t\t\t<div class=\"elementor-element elementor-element-dc83ec5 elementor-widget elementor-widget-text-editor\" data-id=\"dc83ec5\" data-element_type=\"widget\" data-widget_type=\"text-editor.default\">\n\t\t\t\t<div class=\"elementor-widget-container\">\n\t\t\t<style>\/*! elementor - v3.16.0 - 13-09-2023 *\/\n.elementor-widget-text-editor.elementor-drop-cap-view-stacked .elementor-drop-cap{background-color:#69727d;color:#fff}.elementor-widget-text-editor.elementor-drop-cap-view-framed .elementor-drop-cap{color:#69727d;border:3px solid;background-color:transparent}.elementor-widget-text-editor:not(.elementor-drop-cap-view-default) .elementor-drop-cap{margin-top:8px}.elementor-widget-text-editor:not(.elementor-drop-cap-view-default) .elementor-drop-cap-letter{width:1em;height:1em}.elementor-widget-text-editor .elementor-drop-cap{float:left;text-align:center;line-height:1;font-size:50px}.elementor-widget-text-editor .elementor-drop-cap-letter{display:inline-block}<\/style>\t\t\t\t<p style=\"text-align: left;\">**Al registrarse en Orfeolibre, est\u00e1 aceptando recibir eventualmente comunicaciones en su correo electr\u00f3nico de Skina Technologies S.A.S.<\/p>\t\t\t\t\t\t<\/div>\n\t\t\t\t<\/div>\n\t\t\t\t\t<\/div>\n\t\t<\/div>\n\t\t\t\t<div class=\"elementor-column elementor-col-50 elementor-top-column elementor-element elementor-element-1dd430c\" data-id=\"1dd430c\" data-element_type=\"column\">\n\t\t\t<div class=\"elementor-widget-wrap elementor-element-populated\">\n\t\t\t\t\t\t\t\t<div class=\"elementor-element elementor-element-4ab3681 elementor-widget elementor-widget-video\" data-id=\"4ab3681\" data-element_type=\"widget\" data-settings=\"{&quot;youtube_url&quot;:&quot;https:\\\/\\\/www.youtube.com\\\/watch?v=hQ4provFDbA&quot;,&quot;video_type&quot;:&quot;youtube&quot;,&quot;controls&quot;:&quot;yes&quot;}\" data-widget_type=\"video.default\">\n\t\t\t\t<div class=\"elementor-widget-container\">\n\t\t\t<style>\/*! elementor - v3.16.0 - 13-09-2023 *\/\n.elementor-widget-video .elementor-widget-container{overflow:hidden;transform:translateZ(0)}.elementor-widget-video .elementor-wrapper{aspect-ratio:var(--video-aspect-ratio)}.elementor-widget-video .elementor-wrapper iframe,.elementor-widget-video .elementor-wrapper video{height:100%;width:100%;display:flex;border:none;background-color:#000}@supports not (aspect-ratio:1\/1){.elementor-widget-video .elementor-wrapper{position:relative;overflow:hidden;height:0;padding-bottom:calc(100% \/ var(--video-aspect-ratio))}.elementor-widget-video .elementor-wrapper iframe,.elementor-widget-video .elementor-wrapper video{position:absolute;top:0;right:0;bottom:0;left:0}}.elementor-widget-video .elementor-open-inline .elementor-custom-embed-image-overlay{position:absolute;top:0;right:0;bottom:0;left:0;background-size:cover;background-position:50%}.elementor-widget-video .elementor-custom-embed-image-overlay{cursor:pointer;text-align:center}.elementor-widget-video .elementor-custom-embed-image-overlay:hover .elementor-custom-embed-play i{opacity:1}.elementor-widget-video .elementor-custom-embed-image-overlay img{display:block;width:100%;aspect-ratio:var(--video-aspect-ratio);-o-object-fit:cover;object-fit:cover;-o-object-position:center center;object-position:center center}@supports not (aspect-ratio:1\/1){.elementor-widget-video .elementor-custom-embed-image-overlay{position:relative;overflow:hidden;height:0;padding-bottom:calc(100% \/ var(--video-aspect-ratio))}.elementor-widget-video .elementor-custom-embed-image-overlay img{position:absolute;top:0;right:0;bottom:0;left:0}}.elementor-widget-video .e-hosted-video .elementor-video{-o-object-fit:cover;object-fit:cover}.e-con-inner>.elementor-widget-video,.e-con>.elementor-widget-video{width:var(--container-widget-width);--flex-grow:var(--container-widget-flex-grow)}<\/style>\t\t<div class=\"elementor-wrapper elementor-open-inline\">\n\t\t\t<div class=\"elementor-video\"><\/div>\t\t<\/div>\n\t\t\t\t<\/div>\n\t\t\t\t<\/div>\n\t\t\t\t\t<\/div>\n\t\t<\/div>\n\t\t\t\t\t\t\t<\/div>\n\t\t<\/section>\n\t\t\t\t\t\t\t<\/div>\n\t\t","protected":false},"excerpt":{"rendered":"<p>**Al registrarse en Orfeolibre, est\u00e1 aceptando recibir eventualmente comunicaciones en su correo electr\u00f3nico de Skina Technologies S.A.S.<\/p>\n","protected":false},"author":4,"featured_media":0,"parent":0,"menu_order":0,"comment_status":"closed","ping_status":"closed","template":"page-templates\/page_fullwidth.php","meta":{"footnotes":""},"yoast_head":"<!-- This site is optimized with the Yoast SEO plugin v21.1 - https:\/\/yoast.com\/wordpress\/plugins\/seo\/ -->\n<title>Iniciar Sesi\u00f3n - Orfeo Libre<\/title>\n<meta name=\"robots\" content=\"index, follow, max-snippet:-1, max-image-preview:large, max-video-preview:-1\" \/>\n<link rel=\"canonical\" href=\"https:\/\/www.linuxcol.org\/inicio\/iniciar-sesion\/\" \/>\n<meta property=\"og:locale\" content=\"es_ES\" \/>\n<meta property=\"og:type\" content=\"article\" \/>\n<meta property=\"og:title\" content=\"Iniciar Sesi\u00f3n - Orfeo Libre\" \/>\n<meta property=\"og:description\" content=\"**Al registrarse en Orfeolibre, est\u00e1 aceptando recibir eventualmente comunicaciones en su correo electr\u00f3nico de Skina Technologies S.A.S.\" \/>\n<meta property=\"og:url\" content=\"https:\/\/www.linuxcol.org\/inicio\/iniciar-sesion\/\" \/>\n<meta property=\"og:site_name\" content=\"LinuxCOL\" \/>\n<meta property=\"article:modified_time\" content=\"2022-08-18T22:17:30+00:00\" \/>\n<meta name=\"twitter:card\" content=\"summary_large_image\" \/>\n<meta name=\"twitter:label1\" content=\"Tiempo de lectura\" \/>\n\t<meta name=\"twitter:data1\" content=\"1 minuto\" \/>\n<script type=\"application\/ld+json\" class=\"yoast-schema-graph\">{\"@context\":\"https:\/\/schema.org\",\"@graph\":[{\"@type\":\"WebPage\",\"@id\":\"https:\/\/www.linuxcol.org\/inicio\/iniciar-sesion\/\",\"url\":\"https:\/\/www.linuxcol.org\/inicio\/iniciar-sesion\/\",\"name\":\"Iniciar Sesi\u00f3n - Orfeo Libre\",\"isPartOf\":{\"@id\":\"https:\/\/www.linuxcol.org\/inicio\/#website\"},\"datePublished\":\"2019-11-15T12:56:58+00:00\",\"dateModified\":\"2022-08-18T22:17:30+00:00\",\"breadcrumb\":{\"@id\":\"https:\/\/www.linuxcol.org\/inicio\/iniciar-sesion\/#breadcrumb\"},\"inLanguage\":\"es\",\"potentialAction\":[{\"@type\":\"ReadAction\",\"target\":[\"https:\/\/www.linuxcol.org\/inicio\/iniciar-sesion\/\"]}]},{\"@type\":\"BreadcrumbList\",\"@id\":\"https:\/\/www.linuxcol.org\/inicio\/iniciar-sesion\/#breadcrumb\",\"itemListElement\":[{\"@type\":\"ListItem\",\"position\":1,\"name\":\"Portada\",\"item\":\"https:\/\/www.linuxcol.org\/inicio\/\"},{\"@type\":\"ListItem\",\"position\":2,\"name\":\"INICIAR SESI\u00d3N\"}]},{\"@type\":\"WebSite\",\"@id\":\"https:\/\/www.linuxcol.org\/inicio\/#website\",\"url\":\"https:\/\/www.linuxcol.org\/inicio\/\",\"name\":\"LinuxCOL\",\"description\":\"Grupo de Usuarios de GNU\/Linux en Colombia\",\"potentialAction\":[{\"@type\":\"SearchAction\",\"target\":{\"@type\":\"EntryPoint\",\"urlTemplate\":\"https:\/\/www.linuxcol.org\/inicio\/?s={search_term_string}\"},\"query-input\":\"required name=search_term_string\"}],\"inLanguage\":\"es\"}]}<\/script>\n<!-- \/ Yoast SEO plugin. -->","yoast_head_json":{"title":"Iniciar Sesi\u00f3n - Orfeo Libre","robots":{"index":"index","follow":"follow","max-snippet":"max-snippet:-1","max-image-preview":"max-image-preview:large","max-video-preview":"max-video-preview:-1"},"canonical":"https:\/\/www.linuxcol.org\/inicio\/iniciar-sesion\/","og_locale":"es_ES","og_type":"article","og_title":"Iniciar Sesi\u00f3n - Orfeo Libre","og_description":"**Al registrarse en Orfeolibre, est\u00e1 aceptando recibir eventualmente comunicaciones en su correo electr\u00f3nico de Skina Technologies S.A.S.","og_url":"https:\/\/www.linuxcol.org\/inicio\/iniciar-sesion\/","og_site_name":"LinuxCOL","article_modified_time":"2022-08-18T22:17:30+00:00","twitter_card":"summary_large_image","twitter_misc":{"Tiempo de lectura":"1 minuto"},"schema":{"@context":"https:\/\/schema.org","@graph":[{"@type":"WebPage","@id":"https:\/\/www.linuxcol.org\/inicio\/iniciar-sesion\/","url":"https:\/\/www.linuxcol.org\/inicio\/iniciar-sesion\/","name":"Iniciar Sesi\u00f3n - Orfeo Libre","isPartOf":{"@id":"https:\/\/www.linuxcol.org\/inicio\/#website"},"datePublished":"2019-11-15T12:56:58+00:00","dateModified":"2022-08-18T22:17:30+00:00","breadcrumb":{"@id":"https:\/\/www.linuxcol.org\/inicio\/iniciar-sesion\/#breadcrumb"},"inLanguage":"es","potentialAction":[{"@type":"ReadAction","target":["https:\/\/www.linuxcol.org\/inicio\/iniciar-sesion\/"]}]},{"@type":"BreadcrumbList","@id":"https:\/\/www.linuxcol.org\/inicio\/iniciar-sesion\/#breadcrumb","itemListElement":[{"@type":"ListItem","position":1,"name":"Portada","item":"https:\/\/www.linuxcol.org\/inicio\/"},{"@type":"ListItem","position":2,"name":"INICIAR SESI\u00d3N"}]},{"@type":"WebSite","@id":"https:\/\/www.linuxcol.org\/inicio\/#website","url":"https:\/\/www.linuxcol.org\/inicio\/","name":"LinuxCOL","description":"Grupo de Usuarios de GNU\/Linux en Colombia","potentialAction":[{"@type":"SearchAction","target":{"@type":"EntryPoint","urlTemplate":"https:\/\/www.linuxcol.org\/inicio\/?s={search_term_string}"},"query-input":"required name=search_term_string"}],"inLanguage":"es"}]}},"_links":{"self":[{"href":"https:\/\/www.linuxcol.org\/inicio\/wp-json\/wp\/v2\/pages\/638"}],"collection":[{"href":"https:\/\/www.linuxcol.org\/inicio\/wp-json\/wp\/v2\/pages"}],"about":[{"href":"https:\/\/www.linuxcol.org\/inicio\/wp-json\/wp\/v2\/types\/page"}],"author":[{"embeddable":true,"href":"https:\/\/www.linuxcol.org\/inicio\/wp-json\/wp\/v2\/users\/4"}],"replies":[{"embeddable":true,"href":"https:\/\/www.linuxcol.org\/inicio\/wp-json\/wp\/v2\/comments?post=638"}],"version-history":[{"count":17,"href":"https:\/\/www.linuxcol.org\/inicio\/wp-json\/wp\/v2\/pages\/638\/revisions"}],"predecessor-version":[{"id":1766,"href":"https:\/\/www.linuxcol.org\/inicio\/wp-json\/wp\/v2\/pages\/638\/revisions\/1766"}],"wp:attachment":[{"href":"https:\/\/www.linuxcol.org\/inicio\/wp-json\/wp\/v2\/media?parent=638"}],"curies":[{"name":"wp","href":"https:\/\/api.w.org\/{rel}","templated":true}]}}